{"id":4356,"date":"2025-12-07T17:02:46","date_gmt":"2025-12-07T16:02:46","guid":{"rendered":"https:\/\/www.sv-b.de\/?page_id=4356"},"modified":"2025-12-07T17:51:39","modified_gmt":"2025-12-07T16:51:39","slug":"neue-mitgliedschaft","status":"publish","type":"page","link":"https:\/\/www.sv-b.de\/?page_id=4356","title":{"rendered":"Online Anmeldeformular"},"content":{"rendered":"\n<p>Bitte nutzen Sie unser neues Online-Anmeldeformular f\u00fcr den Antrag auf Mitgliedschaft in der Sportvereinigung 1923\/27 e. V. Bedburg-Hau.<\/p>\n\n\n<style id=\"wpforms-css-vars-4349-block-793d97f6-5766-4682-801f-b03a337258fc\">\n\t\t\t\t#wpforms-4349.wpforms-block-793d97f6-5766-4682-801f-b03a337258fc {\n\t\t\t\t--wpforms-label-color: rgba(0, 0, 0, 0.85);\n--wpforms-label-sublabel-color: rgba(0, 0, 0, 0.55);\n--wpforms-field-border-color: rgba(0, 0, 0, 0.25);\n--wpforms-field-border-color-spare: rgba(0, 0, 0, 0.25);\n--wpforms-field-text-color: rgba(0, 0, 0, 0.7);\n--wpforms-button-background-color: #077a22;\n--wpforms-field-size-input-height: 43px;\n--wpforms-field-size-input-spacing: 15px;\n--wpforms-field-size-font-size: 16px;\n--wpforms-field-size-line-height: 19px;\n--wpforms-field-size-padding-h: 14px;\n--wpforms-field-size-checkbox-size: 16px;\n--wpforms-field-size-sublabel-spacing: 5px;\n--wpforms-field-size-icon-size: 1;\n--wpforms-label-size-font-size: 16px;\n--wpforms-label-size-line-height: 19px;\n--wpforms-label-size-sublabel-font-size: 14px;\n--wpforms-label-size-sublabel-line-height: 17px;\n--wpforms-button-size-font-size: 17px;\n--wpforms-button-size-height: 41px;\n--wpforms-button-size-padding-h: 15px;\n--wpforms-button-size-margin-top: 10px;\n\t\t\t}\n\t\t\t<\/style><div class=\"wpforms-container wpforms-container-full wpforms-block wpforms-block-793d97f6-5766-4682-801f-b03a337258fc wpforms-render-modern\" id=\"wpforms-4349\"><form id=\"wpforms-form-4349\" class=\"wpforms-validate wpforms-form wpforms-ajax-form\" data-formid=\"4349\" method=\"post\" enctype=\"multipart\/form-data\" action=\"\/index.php?rest_route=%2Fwp%2Fv2%2Fpages%2F4356\" data-token=\"3e231b7fb95f58f856bd1c8ea8569540\" data-token-time=\"1777399850\"><noscript class=\"wpforms-error-noscript\">Bitte aktiviere JavaScript in deinem Browser, um dieses Formular fertigzustellen.<\/noscript><div id=\"wpforms-error-noscript\" style=\"display: none;\">Bitte aktiviere JavaScript in deinem Browser, um dieses Formular fertigzustellen.<\/div><div class=\"wpforms-field-container\"><div id=\"wpforms-4349-field_20-container\" class=\"wpforms-field wpforms-field-checkbox\" data-field-id=\"20\"><fieldset><legend class=\"wpforms-field-label\">Best\u00e4tigungen Mitgliedschaft <span class=\"wpforms-required-label\" aria-hidden=\"true\">*<\/span><\/legend><ul id=\"wpforms-4349-field_20\" class=\"wpforms-field-required\"><li class=\"choice-1 depth-1\"><input type=\"checkbox\" id=\"wpforms-4349-field_20_1\" name=\"wpforms[fields][20][]\" value=\"Hiermit beantrage ich die Mitgliedschaft in der Sportvereinigung 1923\/27 e. V. Bedburg-Hau. Die Vereinssatzung erkenne ich an (zu finden auf unserer Homepage unter https:\/\/www.sv-b.de)\" aria-errormessage=\"wpforms-4349-field_20_1-error\" required ><label class=\"wpforms-field-label-inline\" for=\"wpforms-4349-field_20_1\">Hiermit beantrage ich die Mitgliedschaft in der Sportvereinigung 1923\/27 e. V. Bedburg-Hau. Die Vereinssatzung erkenne ich an (zu finden auf unserer Homepage unter https:\/\/www.sv-b.de)<\/label><\/li><li class=\"choice-5 depth-1\"><input type=\"checkbox\" id=\"wpforms-4349-field_20_5\" name=\"wpforms[fields][20][]\" value=\"Ich bin mir dar\u00fcber bewu\u00dft, dass im Rahmen von Vereinsverantstaltungen Fotos gemacht werden. Ich erkl\u00e4re hiermit die Einwilligung, dass diese Aufnahmen in der Vereinszeitschrift und auf den Internetpr\u00e4senzen des Vereins verwendet werden d\u00fcrfen. Ich kann diese Einwilligung jederzeit schriftlich widerrufen.\" aria-errormessage=\"wpforms-4349-field_20_5-error\" required ><label class=\"wpforms-field-label-inline\" for=\"wpforms-4349-field_20_5\">Ich bin mir dar\u00fcber bewu\u00dft, dass im Rahmen von Vereinsverantstaltungen Fotos gemacht werden. Ich erkl\u00e4re hiermit die Einwilligung, dass diese Aufnahmen in der Vereinszeitschrift und auf den Internetpr\u00e4senzen des Vereins verwendet werden d\u00fcrfen. Ich kann diese Einwilligung jederzeit schriftlich widerrufen.<\/label><\/li><\/ul><\/fieldset><\/div><div id=\"wpforms-4349-field_1-container\" class=\"wpforms-field wpforms-field-text\" data-field-id=\"1\"><label class=\"wpforms-field-label\" for=\"wpforms-4349-field_1\">Nachname <span class=\"wpforms-required-label\" aria-hidden=\"true\">*<\/span><\/label><input type=\"text\" id=\"wpforms-4349-field_1\" class=\"wpforms-field-medium wpforms-field-required\" name=\"wpforms[fields][1]\" aria-errormessage=\"wpforms-4349-field_1-error\" aria-describedby=\"wpforms-4349-field_1-description\" required><div id=\"wpforms-4349-field_1-description\" class=\"wpforms-field-description\">Nachname des zuk\u00fcnftigen Mitglieds<\/div><\/div><div id=\"wpforms-4349-field_2-container\" class=\"wpforms-field wpforms-field-text\" data-field-id=\"2\"><label class=\"wpforms-field-label\" for=\"wpforms-4349-field_2\">Vorname <span class=\"wpforms-required-label\" aria-hidden=\"true\">*<\/span><\/label><input type=\"text\" id=\"wpforms-4349-field_2\" class=\"wpforms-field-medium wpforms-field-required\" name=\"wpforms[fields][2]\" aria-errormessage=\"wpforms-4349-field_2-error\" aria-describedby=\"wpforms-4349-field_2-description\" required><div id=\"wpforms-4349-field_2-description\" class=\"wpforms-field-description\">Vorname des zuk\u00fcnftigen Mitglieds<\/div><\/div><div id=\"wpforms-4349-field_22-container\" class=\"wpforms-field wpforms-field-text\" data-field-id=\"22\"><label class=\"wpforms-field-label\" for=\"wpforms-4349-field_22\">Geburtstag <span class=\"wpforms-required-label\" aria-hidden=\"true\">*<\/span><\/label><input type=\"text\" id=\"wpforms-4349-field_22\" class=\"wpforms-field-medium wpforms-field-required\" name=\"wpforms[fields][22]\" placeholder=\"01.01.1900\" aria-errormessage=\"wpforms-4349-field_22-error\" aria-describedby=\"wpforms-4349-field_22-description\" required><div id=\"wpforms-4349-field_22-description\" class=\"wpforms-field-description\">Geburtstag des zuk\u00fcnftigen Mitglieds<\/div><\/div><div id=\"wpforms-4349-field_12-container\" class=\"wpforms-field wpforms-field-text\" data-field-id=\"12\"><label class=\"wpforms-field-label\" for=\"wpforms-4349-field_12\">Geburtsort <span class=\"wpforms-required-label\" aria-hidden=\"true\">*<\/span><\/label><input type=\"text\" id=\"wpforms-4349-field_12\" class=\"wpforms-field-medium wpforms-field-required\" name=\"wpforms[fields][12]\" aria-errormessage=\"wpforms-4349-field_12-error\" aria-describedby=\"wpforms-4349-field_12-description\" required><div id=\"wpforms-4349-field_12-description\" class=\"wpforms-field-description\">Geburtsort des zuk\u00fcnftigen Mitglieds<\/div><\/div><div id=\"wpforms-4349-field_3-container\" class=\"wpforms-field wpforms-field-text\" data-field-id=\"3\"><label class=\"wpforms-field-label\" for=\"wpforms-4349-field_3\">Stra\u00dfe und Hausnummer <span class=\"wpforms-required-label\" aria-hidden=\"true\">*<\/span><\/label><input type=\"text\" id=\"wpforms-4349-field_3\" class=\"wpforms-field-medium wpforms-field-required\" name=\"wpforms[fields][3]\" aria-errormessage=\"wpforms-4349-field_3-error\" required><\/div><div id=\"wpforms-4349-field_7-container\" class=\"wpforms-field wpforms-field-select wpforms-field-select-style-classic\" data-field-id=\"7\"><label class=\"wpforms-field-label\" for=\"wpforms-4349-field_7\">Land <span class=\"wpforms-required-label\" aria-hidden=\"true\">*<\/span><\/label><select id=\"wpforms-4349-field_7\" class=\"wpforms-field-medium wpforms-field-required\" name=\"wpforms[fields][7]\" required=\"required\"><option value=\"Deutschland\"  selected='selected' class=\"choice-1 depth-1\"  >Deutschland<\/option><option value=\"Niederlande\"  class=\"choice-2 depth-1\"  >Niederlande<\/option><option value=\"sonstige\"  class=\"choice-3 depth-1\"  >sonstige<\/option><\/select><\/div><div id=\"wpforms-4349-field_4-container\" class=\"wpforms-field wpforms-field-text\" data-field-id=\"4\"><label class=\"wpforms-field-label\" for=\"wpforms-4349-field_4\">Postleitzahl <span class=\"wpforms-required-label\" aria-hidden=\"true\">*<\/span><\/label><input type=\"text\" id=\"wpforms-4349-field_4\" class=\"wpforms-field-medium wpforms-field-required wpforms-limit-characters-enabled\" data-form-id=\"4349\" data-field-id=\"4\" data-text-limit=\"5\" name=\"wpforms[fields][4]\" placeholder=\"00000\" aria-errormessage=\"wpforms-4349-field_4-error\" maxlength=\"5\" required><\/div><div id=\"wpforms-4349-field_5-container\" class=\"wpforms-field wpforms-field-text\" data-field-id=\"5\"><label class=\"wpforms-field-label\" for=\"wpforms-4349-field_5\">Ort <span class=\"wpforms-required-label\" aria-hidden=\"true\">*<\/span><\/label><input type=\"text\" id=\"wpforms-4349-field_5\" class=\"wpforms-field-medium wpforms-field-required\" name=\"wpforms[fields][5]\" aria-errormessage=\"wpforms-4349-field_5-error\" required><\/div><div id=\"wpforms-4349-field_9-container\" class=\"wpforms-field wpforms-field-name\" data-field-id=\"9\"><fieldset><legend class=\"wpforms-field-label\">Bei Kindern und Jugendlichen Namen des Erziehungsberechtigten<\/legend><div class=\"wpforms-field-row wpforms-field-medium\"><div class=\"wpforms-field-row-block wpforms-first wpforms-one-half\"><input type=\"text\" id=\"wpforms-4349-field_9\" class=\"wpforms-field-name-first\" name=\"wpforms[fields][9][first]\" aria-errormessage=\"wpforms-4349-field_9-error\" ><label for=\"wpforms-4349-field_9\" class=\"wpforms-field-sublabel after\">Vorname<\/label><\/div><div class=\"wpforms-field-row-block wpforms-one-half\"><input type=\"text\" id=\"wpforms-4349-field_9-last\" class=\"wpforms-field-name-last\" name=\"wpforms[fields][9][last]\" aria-errormessage=\"wpforms-4349-field_9-last-error\" ><label for=\"wpforms-4349-field_9-last\" class=\"wpforms-field-sublabel after\">Nachname<\/label><\/div><\/div><\/fieldset><\/div><div id=\"wpforms-4349-field_8-container\" class=\"wpforms-field wpforms-field-email\" data-field-id=\"8\"><fieldset><legend class=\"wpforms-field-label\">E-Mail-Adresse <span class=\"wpforms-required-label\" aria-hidden=\"true\">*<\/span><\/legend><div class=\"wpforms-field-row wpforms-field-medium\"><div class=\"wpforms-field-row-block wpforms-one-half wpforms-first\"><input type=\"email\" id=\"wpforms-4349-field_8\" class=\"wpforms-field-required wpforms-field-email-primary\" name=\"wpforms[fields][8][primary]\" spellcheck=\"false\" aria-errormessage=\"wpforms-4349-field_8-error\" aria-describedby=\"wpforms-4349-field_8-description\" required><label for=\"wpforms-4349-field_8\" class=\"wpforms-field-sublabel after\">E-Mail-Adresse<\/label><\/div><div class=\"wpforms-field-row-block wpforms-one-half\"><input type=\"email\" id=\"wpforms-4349-field_8-secondary\" class=\"wpforms-field-email-secondary wpforms-field-required\" data-rule-confirm=\"#wpforms-4349-field_8\" name=\"wpforms[fields][8][secondary]\" spellcheck=\"false\" aria-errormessage=\"wpforms-4349-field_8-secondary-error\" aria-describedby=\"wpforms-4349-field_8-description\" required><label for=\"wpforms-4349-field_8-secondary\" class=\"wpforms-field-sublabel after\">E-Mail best\u00e4tigen<\/label><\/div><\/div><div id=\"wpforms-4349-field_8-description\" class=\"wpforms-field-description\">Wird f\u00fcr die Kommunikation und Best\u00e4tigung der Mitgliedschaft ben\u00f6tigt!<\/div><\/fieldset><\/div><div id=\"wpforms-4349-field_18-container\" class=\"wpforms-field wpforms-field-text\" data-field-id=\"18\"><label class=\"wpforms-field-label\" for=\"wpforms-4349-field_18\">Beginn der Mitgliedschaft<\/label><input type=\"text\" id=\"wpforms-4349-field_18\" class=\"wpforms-field-medium\" name=\"wpforms[fields][18]\" placeholder=\"01.01.1900\" aria-errormessage=\"wpforms-4349-field_18-error\" aria-describedby=\"wpforms-4349-field_18-description\" ><div id=\"wpforms-4349-field_18-description\" class=\"wpforms-field-description\">Nur notwendig, wenn der Beginn von der Antragsstellung abweichen soll<\/div><\/div><div id=\"wpforms-4349-field_14-container\" class=\"wpforms-field wpforms-field-radio\" data-field-id=\"14\"><fieldset><legend class=\"wpforms-field-label\">Sportart <span class=\"wpforms-required-label\" aria-hidden=\"true\">*<\/span><\/legend><ul id=\"wpforms-4349-field_14\" class=\"wpforms-field-required\"><li class=\"choice-1 depth-1\"><input type=\"radio\" id=\"wpforms-4349-field_14_1\" name=\"wpforms[fields][14]\" value=\"Fu\u00dfball\" aria-errormessage=\"wpforms-4349-field_14_1-error\" required ><label class=\"wpforms-field-label-inline\" for=\"wpforms-4349-field_14_1\">Fu\u00dfball<\/label><\/li><li class=\"choice-2 depth-1\"><input type=\"radio\" id=\"wpforms-4349-field_14_2\" name=\"wpforms[fields][14]\" value=\"Volleyball\" aria-errormessage=\"wpforms-4349-field_14_2-error\" required ><label class=\"wpforms-field-label-inline\" for=\"wpforms-4349-field_14_2\">Volleyball<\/label><\/li><li class=\"choice-7 depth-1\"><input type=\"radio\" id=\"wpforms-4349-field_14_7\" name=\"wpforms[fields][14]\" value=\"Beachvolleyball Jahresmitgliedschaft\" aria-errormessage=\"wpforms-4349-field_14_7-error\" required ><label class=\"wpforms-field-label-inline\" for=\"wpforms-4349-field_14_7\">Beachvolleyball Jahresmitgliedschaft<\/label><\/li><li class=\"choice-3 depth-1\"><input type=\"radio\" id=\"wpforms-4349-field_14_3\" name=\"wpforms[fields][14]\" value=\"Turnen\" aria-errormessage=\"wpforms-4349-field_14_3-error\" required ><label class=\"wpforms-field-label-inline\" for=\"wpforms-4349-field_14_3\">Turnen<\/label><\/li><li class=\"choice-5 depth-1\"><input type=\"radio\" id=\"wpforms-4349-field_14_5\" name=\"wpforms[fields][14]\" value=\"Kinderturnen\" aria-errormessage=\"wpforms-4349-field_14_5-error\" required ><label class=\"wpforms-field-label-inline\" for=\"wpforms-4349-field_14_5\">Kinderturnen<\/label><\/li><li class=\"choice-6 depth-1\"><input type=\"radio\" id=\"wpforms-4349-field_14_6\" name=\"wpforms[fields][14]\" value=\"Kindertanzen\" aria-errormessage=\"wpforms-4349-field_14_6-error\" required ><label class=\"wpforms-field-label-inline\" for=\"wpforms-4349-field_14_6\">Kindertanzen<\/label><\/li><li class=\"choice-4 depth-1\"><input type=\"radio\" id=\"wpforms-4349-field_14_4\" name=\"wpforms[fields][14]\" value=\"Tischtennis\" aria-errormessage=\"wpforms-4349-field_14_4-error\" required ><label class=\"wpforms-field-label-inline\" for=\"wpforms-4349-field_14_4\">Tischtennis<\/label><\/li><\/ul><\/fieldset><\/div><div id=\"wpforms-4349-field_15-container\" class=\"wpforms-field wpforms-field-select wpforms-field-select-style-classic\" data-field-id=\"15\"><label class=\"wpforms-field-label\" for=\"wpforms-4349-field_15\">Zahlweise Einzugserm\u00e4chtigung<\/label><select id=\"wpforms-4349-field_15\" class=\"wpforms-field-medium\" name=\"wpforms[fields][15]\"><option value=\"\" class=\"placeholder\" disabled  selected='selected'>&#8212; Auswahl treffen &#8212;<\/option><option value=\"J\u00e4hrlich\"  class=\"choice-1 depth-1\"  >J\u00e4hrlich<\/option><option value=\"Halbj\u00e4hrlich\"  class=\"choice-2 depth-1\"  >Halbj\u00e4hrlich<\/option><option value=\"Viertelj\u00e4hrlich\"  class=\"choice-3 depth-1\"  >Viertelj\u00e4hrlich<\/option><\/select><div id=\"wpforms-4349-field_15-description\" class=\"wpforms-field-description\">Wird nichts ausgew\u00e4hlt, gilt &#8222;J\u00e4hrlich&#8220; als Zahlweise akzeptiert.\n\n<\/div><\/div><div id=\"wpforms-4349-field_23-container\" class=\"wpforms-field wpforms-field-text\" data-field-id=\"23\"><label class=\"wpforms-field-label\" for=\"wpforms-4349-field_23\">IBAN <span class=\"wpforms-required-label\" aria-hidden=\"true\">*<\/span><\/label><input type=\"text\" id=\"wpforms-4349-field_23\" class=\"wpforms-field-medium wpforms-field-required\" name=\"wpforms[fields][23]\" placeholder=\"DE00 0000 0000 0000 00\" aria-errormessage=\"wpforms-4349-field_23-error\" aria-describedby=\"wpforms-4349-field_23-description\" required><div id=\"wpforms-4349-field_23-description\" class=\"wpforms-field-description\">Wird f\u00fcr den Beitragseinzug ben\u00f6tigt.<\/div><\/div>\t\t<div id=\"wpforms-4349-field_6-container\"\n\t\t\tclass=\"wpforms-field wpforms-field-text\"\n\t\t\tdata-field-type=\"text\"\n\t\t\tdata-field-id=\"6\"\n\t\t\t>\n\t\t\t<label class=\"wpforms-field-label\" for=\"wpforms-4349-field_6\" >Zahler Postleitzahl IBAN<\/label>\n\t\t\t<input type=\"text\" id=\"wpforms-4349-field_6\" class=\"wpforms-field-medium\" name=\"wpforms[fields][6]\" >\n\t\t<\/div>\n\t\t<div id=\"wpforms-4349-field_17-container\" class=\"wpforms-field wpforms-field-text\" data-field-id=\"17\"><label class=\"wpforms-field-label\" for=\"wpforms-4349-field_17\">Zahler<\/label><input type=\"text\" id=\"wpforms-4349-field_17\" class=\"wpforms-field-medium\" name=\"wpforms[fields][17]\" aria-errormessage=\"wpforms-4349-field_17-error\" aria-describedby=\"wpforms-4349-field_17-description\" ><div id=\"wpforms-4349-field_17-description\" class=\"wpforms-field-description\">Wird nur ben\u00f6tigt, wenn Zahler abweichend vom zuk\u00fcnftigen Mitglied bzw. Erziehungsberechtigten ist<\/div><\/div><div id=\"wpforms-4349-field_19-container\" class=\"wpforms-field wpforms-field-checkbox\" data-field-id=\"19\"><fieldset><legend class=\"wpforms-field-label\">Best\u00e4tigungen Lastschrifteinzug <span class=\"wpforms-required-label\" aria-hidden=\"true\">*<\/span><\/legend><ul id=\"wpforms-4349-field_19\" class=\"wpforms-field-required\"><li class=\"choice-2 depth-1\"><input type=\"checkbox\" id=\"wpforms-4349-field_19_2\" name=\"wpforms[fields][19][]\" value=\"Hiermit erteile ich der Sportvereinigung 1923\/27 e.V. Bedburg-Hau die Einzugserm\u00e4chtigung, die regelm\u00e4\u00dfigen Mitgliedsbeitr\u00e4ge im Lastschriftverfahren von meinem  o. g. Konto einzuziehen.\" aria-errormessage=\"wpforms-4349-field_19_2-error\" required ><label class=\"wpforms-field-label-inline\" for=\"wpforms-4349-field_19_2\">Hiermit erteile ich der Sportvereinigung 1923\/27 e.V. Bedburg-Hau die Einzugserm\u00e4chtigung, die regelm\u00e4\u00dfigen Mitgliedsbeitr\u00e4ge im Lastschriftverfahren von meinem  o. g. Konto einzuziehen.<\/label><\/li><\/ul><\/fieldset><\/div><div id=\"wpforms-4349-field_24-container\" class=\"wpforms-field wpforms-field-checkbox\" data-field-id=\"24\"><fieldset><legend class=\"wpforms-field-label\">S\u00e4umniszuschlag <span class=\"wpforms-required-label\" aria-hidden=\"true\">*<\/span><\/legend><ul id=\"wpforms-4349-field_24\" class=\"wpforms-field-required\"><li class=\"choice-1 depth-1\"><input type=\"checkbox\" id=\"wpforms-4349-field_24_1\" name=\"wpforms[fields][24][]\" value=\"Ich bin dar\u00fcber informiert, dass f\u00fcr den Fall, dass der von mir erteilte Lastschriftauftrag nicht eingel\u00f6st werden kann, Geb\u00fchren in H\u00f6he von mindestens 5,00 \u20ac zus\u00e4tzlich anfallen k\u00f6nnen.\" aria-errormessage=\"wpforms-4349-field_24_1-error\" required ><label class=\"wpforms-field-label-inline\" for=\"wpforms-4349-field_24_1\">Ich bin dar\u00fcber informiert, dass f\u00fcr den Fall, dass der von mir erteilte Lastschriftauftrag nicht eingel\u00f6st werden kann, Geb\u00fchren in H\u00f6he von mindestens 5,00 \u20ac zus\u00e4tzlich anfallen k\u00f6nnen.<\/label><\/li><\/ul><\/fieldset><\/div><div id=\"wpforms-4349-field_21-container\" class=\"wpforms-field wpforms-field-textarea\" data-field-id=\"21\"><label class=\"wpforms-field-label\" for=\"wpforms-4349-field_21\">Sonstiges<\/label><textarea id=\"wpforms-4349-field_21\" class=\"wpforms-field-medium\" name=\"wpforms[fields][21]\" aria-errormessage=\"wpforms-4349-field_21-error\" ><\/textarea><\/div><script>\n\t\t\t\t( function() {\n\t\t\t\t\tconst style = document.createElement( 'style' );\n\t\t\t\t\tstyle.appendChild( document.createTextNode( '#wpforms-4349-field_6-container { position: absolute !important; overflow: hidden !important; display: inline !important; height: 1px !important; width: 1px !important; z-index: -1000 !important; padding: 0 !important; } #wpforms-4349-field_6-container input { visibility: hidden; } #wpforms-conversational-form-page #wpforms-4349-field_6-container label { counter-increment: none; }' ) );\n\t\t\t\t\tdocument.head.appendChild( style );\n\t\t\t\t\tdocument.currentScript?.remove();\n\t\t\t\t} )();\n\t\t\t<\/script><\/div><!-- .wpforms-field-container --><div class=\"wpforms-submit-container\" ><input type=\"hidden\" name=\"wpforms[id]\" value=\"4349\"><input type=\"hidden\" name=\"page_title\" value=\"\"><input type=\"hidden\" name=\"page_url\" value=\"https:\/\/www.sv-b.de\/index.php?rest_route=\/wp\/v2\/pages\/4356\"><input type=\"hidden\" name=\"url_referer\" value=\"\"><button type=\"submit\" name=\"wpforms[submit]\" id=\"wpforms-submit-4349\" class=\"wpforms-submit\" data-alt-text=\"Wird gesendet\u00a0\u2026\" data-submit-text=\"Antrag absenden\" aria-live=\"assertive\" value=\"wpforms-submit\">Antrag absenden<\/button><img loading=\"lazy\" decoding=\"async\" src=\"https:\/\/www.sv-b.de\/wp-content\/plugins\/wpforms-lite\/assets\/images\/submit-spin.svg\" class=\"wpforms-submit-spinner\" style=\"display: none;\" width=\"26\" height=\"26\" alt=\"Wird geladen\"><\/div><\/form><\/div>  <!-- .wpforms-container -->\n\n\n<p>Hinweis: die Daten zu diesem Antrag werden nicht gespeichert sondern lediglich per e-Mail an die Gesch\u00e4ftsf\u00fchrung gesendet. F\u00fcr weitere Fragen wenden Sie Sich bitte an <a href=\"mailto:info@sv-b.de\">info@sv-b.de<\/a>.<\/p>\n\n\n\n<h2 class=\"wp-block-heading\">Beitragsklassen und Beitragsh\u00f6hen <\/h2>\n\n\n\n<p>01 Kinder und Jugendliche bis 18 Jahre 8,\u2013 \u20ac \/ Monat<br>02 Erwachsene ab 18 Jahre 10,\u2013 \u20ac \/ Monat<br>03 Erwachsene ab 60 Jahre 8,\u2013 \u20ac \/ Monat<br>04 Beachvolleyball (ab 14 Jahre) 60,\u2013 \u20ac \/ Jahr<br>05 Ehrenmitglieder Beitragsfrei<br>06 Familienmitglieder ab dem 4ten Mitglied Beitragsfrei<\/p>\n\n\n\n<p><strong>Stand: 02. Juni 2023<\/strong><br>einsehbar auf unserer Homepage: https:\/\/www.sv-b.de\/?page_id=7<\/p>\n","protected":false},"excerpt":{"rendered":"<p>Bitte nutzen Sie unser neues Online-Anmeldeformular f\u00fcr den Antrag auf Mitgliedschaft in der Sportvereinigung 1923\/27 [&hellip;]<\/p>\n","protected":false},"author":11,"featured_media":0,"parent":7,"menu_order":0,"comment_status":"closed","ping_status":"closed","template":"","meta":{"footnotes":""},"class_list":["post-4356","page","type-page","status-publish","hentry"],"_links":{"self":[{"href":"https:\/\/www.sv-b.de\/index.php?rest_route=\/wp\/v2\/pages\/4356","targetHints":{"allow":["GET"]}}],"collection":[{"href":"https:\/\/www.sv-b.de\/index.php?rest_route=\/wp\/v2\/pages"}],"about":[{"href":"https:\/\/www.sv-b.de\/index.php?rest_route=\/wp\/v2\/types\/page"}],"author":[{"embeddable":true,"href":"https:\/\/www.sv-b.de\/index.php?rest_route=\/wp\/v2\/users\/11"}],"replies":[{"embeddable":true,"href":"https:\/\/www.sv-b.de\/index.php?rest_route=%2Fwp%2Fv2%2Fcomments&post=4356"}],"version-history":[{"count":6,"href":"https:\/\/www.sv-b.de\/index.php?rest_route=\/wp\/v2\/pages\/4356\/revisions"}],"predecessor-version":[{"id":4385,"href":"https:\/\/www.sv-b.de\/index.php?rest_route=\/wp\/v2\/pages\/4356\/revisions\/4385"}],"up":[{"embeddable":true,"href":"https:\/\/www.sv-b.de\/index.php?rest_route=\/wp\/v2\/pages\/7"}],"wp:attachment":[{"href":"https:\/\/www.sv-b.de\/index.php?rest_route=%2Fwp%2Fv2%2Fmedia&parent=4356"}],"curies":[{"name":"wp","href":"https:\/\/api.w.org\/{rel}","templated":true}]}}