{"id":3890,"date":"2024-10-10T09:01:23","date_gmt":"2024-10-10T08:01:23","guid":{"rendered":"https:\/\/www.sv-b.de\/?page_id=3890"},"modified":"2024-10-10T09:12:33","modified_gmt":"2024-10-10T08:12:33","slug":"volleyball-aktuelles","status":"publish","type":"page","link":"https:\/\/www.sv-b.de\/?page_id=3890","title":{"rendered":"Volleyball Aktuelles"},"content":{"rendered":"\n<p>Aktuelle Infos und Neuigkeiten aus der Volleyball Abteilung der SV Bedburg-Hau.<\/p>\n\n\n<ul class=\"wp-block-latest-posts__list has-dates wp-block-latest-posts\"><li><a class=\"wp-block-latest-posts__post-title\" href=\"https:\/\/www.sv-b.de\/?p=4393\">Weihnachtsgru\u00df<\/a><time datetime=\"2025-12-21T22:46:46+01:00\" class=\"wp-block-latest-posts__post-date\">21. Dezember 2025<\/time><div class=\"wp-block-latest-posts__post-excerpt\">Das sehr erfolgreiche Jahr 2025 ist nun fast vorbei. Meisterschaften wurden gewonnen und viele andere\u2026\u00a0<a class=\"wp-block-latest-posts__read-more\" href=\"https:\/\/www.sv-b.de\/?p=4393\" rel=\"noopener noreferrer\"><span class=\"screen-reader-text\">Weihnachtsgru\u00df <\/span>weiterlesen<\/a><\/div><\/li>\n<li><a class=\"wp-block-latest-posts__post-title\" href=\"https:\/\/www.sv-b.de\/?p=4346\">\u201eAnton \u2013 Das Vereinsmagazin\u201c 2025\/2<\/a><time datetime=\"2025-12-01T09:18:01+01:00\" class=\"wp-block-latest-posts__post-date\">1. Dezember 2025<\/time><div class=\"wp-block-latest-posts__post-excerpt\">Die zweite Ausgabe unseres Vereinsmagazins &#8222;Anton&#8220; pr\u00e4sentiert sich wieder p\u00fcnktlich zur Adventszeit und ist dieses\u2026\u00a0<a class=\"wp-block-latest-posts__read-more\" href=\"https:\/\/www.sv-b.de\/?p=4346\" rel=\"noopener noreferrer\"><span class=\"screen-reader-text\">\u201eAnton \u2013 Das Vereinsmagazin\u201c 2025\/2 <\/span>weiterlesen<\/a><\/div><\/li>\n<li><a class=\"wp-block-latest-posts__post-title\" href=\"https:\/\/www.sv-b.de\/?p=4312\">\u201eAnton \u2013 Das Vereinsmagazin\u201c 2025\/1<\/a><time datetime=\"2025-06-26T15:27:29+01:00\" class=\"wp-block-latest-posts__post-date\">26. Juni 2025<\/time><div class=\"wp-block-latest-posts__post-excerpt\">P\u00fcnktlich zur Jahresmitte erscheint die 1. Ausgabe 2025 von unserem Vereinsmagazin &#8222;Anton&#8220;. Wir bedanken uns\u2026\u00a0<a class=\"wp-block-latest-posts__read-more\" href=\"https:\/\/www.sv-b.de\/?p=4312\" rel=\"noopener noreferrer\"><span class=\"screen-reader-text\">\u201eAnton \u2013 Das Vereinsmagazin\u201c 2025\/1 <\/span>weiterlesen<\/a><\/div><\/li>\n<li><a class=\"wp-block-latest-posts__post-title\" href=\"https:\/\/www.sv-b.de\/?p=4308\">Jahreshauptversammlung 2025<\/a><time datetime=\"2025-06-05T18:12:20+01:00\" class=\"wp-block-latest-posts__post-date\">5. Juni 2025<\/time><div class=\"wp-block-latest-posts__post-excerpt\">Die Sportvereinigung 1923\/27 e.V. Bedburg-Hau l\u00e4dt zur diesj\u00e4hrigen Jahreshauptversammlung am Dienstag, den 24. Juni 2025\u2026\u00a0<a class=\"wp-block-latest-posts__read-more\" href=\"https:\/\/www.sv-b.de\/?p=4308\" rel=\"noopener noreferrer\"><span class=\"screen-reader-text\">Jahreshauptversammlung 2025 <\/span>weiterlesen<\/a><\/div><\/li>\n<li><a class=\"wp-block-latest-posts__post-title\" href=\"https:\/\/www.sv-b.de\/?p=4290\">Chaoten auf dem Sportplatz<\/a><time datetime=\"2025-06-02T11:50:37+01:00\" class=\"wp-block-latest-posts__post-date\">2. Juni 2025<\/time><div class=\"wp-block-latest-posts__post-excerpt\">In der Nacht von Fr. 30.5. auf Sa. 31.5.2025 haben r\u00fccksichtslose Chaoten eine gro\u00dfe Menge\u2026\u00a0<a class=\"wp-block-latest-posts__read-more\" href=\"https:\/\/www.sv-b.de\/?p=4290\" rel=\"noopener noreferrer\"><span class=\"screen-reader-text\">Chaoten auf dem Sportplatz <\/span>weiterlesen<\/a><\/div><\/li>\n<li><a class=\"wp-block-latest-posts__post-title\" href=\"https:\/\/www.sv-b.de\/?p=4220\">Gelungene Premiere<\/a><time datetime=\"2025-01-06T23:41:51+01:00\" class=\"wp-block-latest-posts__post-date\">6. Januar 2025<\/time><div class=\"wp-block-latest-posts__post-excerpt\">Am Finaltag des ESports Bedburg-Hau Fifa Cups konnte endlich unser neues Promotion Video Premiere feiern.\u2026\u00a0<a class=\"wp-block-latest-posts__read-more\" href=\"https:\/\/www.sv-b.de\/?p=4220\" rel=\"noopener noreferrer\"><span class=\"screen-reader-text\">Gelungene Premiere <\/span>weiterlesen<\/a><\/div><\/li>\n<li><a class=\"wp-block-latest-posts__post-title\" href=\"https:\/\/www.sv-b.de\/?p=3485\">&#8222;Anton &#8211; Das Vereinsmagazin&#8220; 2024\/1<\/a><time datetime=\"2024-07-23T22:58:01+01:00\" class=\"wp-block-latest-posts__post-date\">23. Juli 2024<\/time><div class=\"wp-block-latest-posts__post-excerpt\">Schaut Euch hier die digitale 1. Ausgabe unseres neuen Vereinsmagazins &#8222;Anton&#8220; an oder folgt einfach\u2026\u00a0<a class=\"wp-block-latest-posts__read-more\" href=\"https:\/\/www.sv-b.de\/?p=3485\" rel=\"noopener noreferrer\"><span class=\"screen-reader-text\">&#8222;Anton &#8211; Das Vereinsmagazin&#8220; 2024\/1 <\/span>weiterlesen<\/a><\/div><\/li>\n<li><a class=\"wp-block-latest-posts__post-title\" href=\"https:\/\/www.sv-b.de\/?p=3478\">Volleyball: Goldenes Jubil\u00e4um<\/a><time datetime=\"2024-06-29T06:00:00+01:00\" class=\"wp-block-latest-posts__post-date\">29. Juni 2024<\/time><div class=\"wp-block-latest-posts__post-excerpt\">von Michael Jan\u00dfen Am heutigen 29. Juni 2024 j\u00e4hrt sich zum 50. Mal die Anmeldebest\u00e4tigung\u2026\u00a0<a class=\"wp-block-latest-posts__read-more\" href=\"https:\/\/www.sv-b.de\/?p=3478\" rel=\"noopener noreferrer\"><span class=\"screen-reader-text\">Volleyball: Goldenes Jubil\u00e4um <\/span>weiterlesen<\/a><\/div><\/li>\n<li><a class=\"wp-block-latest-posts__post-title\" href=\"https:\/\/www.sv-b.de\/?p=3389\">Jahreshauptversammlung und Jugendtag 2024<\/a><time datetime=\"2024-05-07T08:13:21+01:00\" class=\"wp-block-latest-posts__post-date\">7. Mai 2024<\/time><div class=\"wp-block-latest-posts__post-excerpt\">In diesem Jahr findet der Jugendtag der Vereinsjugend am und die Jahreshauptversammlung f\u00fcr alle vollgesch\u00e4ftsf\u00e4higen\u2026\u00a0<a class=\"wp-block-latest-posts__read-more\" href=\"https:\/\/www.sv-b.de\/?p=3389\" rel=\"noopener noreferrer\"><span class=\"screen-reader-text\">Jahreshauptversammlung und Jugendtag 2024 <\/span>weiterlesen<\/a><\/div><\/li>\n<li><a class=\"wp-block-latest-posts__post-title\" href=\"https:\/\/www.sv-b.de\/?p=3379\">Volleyball: Mixed-Team das Ma\u00df aller Dinge<\/a><time datetime=\"2024-04-28T11:19:56+01:00\" class=\"wp-block-latest-posts__post-date\">28. April 2024<\/time><div class=\"wp-block-latest-posts__post-excerpt\">von Michael Jan\u00dfen Wege nicht nur erfolgreich zu beschreiten, sondern auch ins Ziel zu bringen,\u2026\u00a0<a class=\"wp-block-latest-posts__read-more\" href=\"https:\/\/www.sv-b.de\/?p=3379\" rel=\"noopener noreferrer\"><span class=\"screen-reader-text\">Volleyball: Mixed-Team das Ma\u00df aller Dinge <\/span>weiterlesen<\/a><\/div><\/li>\n<\/ul>","protected":false},"excerpt":{"rendered":"<p>Aktuelle Infos und Neuigkeiten aus der Volleyball Abteilung der SV Bedburg-Hau.<\/p>\n","protected":false},"author":11,"featured_media":3708,"parent":3521,"menu_order":0,"comment_status":"closed","ping_status":"closed","template":"","meta":{"footnotes":""},"class_list":["post-3890","page","type-page","status-publish","has-post-thumbnail","hentry"],"_links":{"self":[{"href":"https:\/\/www.sv-b.de\/index.php?rest_route=\/wp\/v2\/pages\/3890","targetHints":{"allow":["GET"]}}],"collection":[{"href":"https:\/\/www.sv-b.de\/index.php?rest_route=\/wp\/v2\/pages"}],"about":[{"href":"https:\/\/www.sv-b.de\/index.php?rest_route=\/wp\/v2\/types\/page"}],"author":[{"embeddable":true,"href":"https:\/\/www.sv-b.de\/index.php?rest_route=\/wp\/v2\/users\/11"}],"replies":[{"embeddable":true,"href":"https:\/\/www.sv-b.de\/index.php?rest_route=%2Fwp%2Fv2%2Fcomments&post=3890"}],"version-history":[{"count":1,"href":"https:\/\/www.sv-b.de\/index.php?rest_route=\/wp\/v2\/pages\/3890\/revisions"}],"predecessor-version":[{"id":3891,"href":"https:\/\/www.sv-b.de\/index.php?rest_route=\/wp\/v2\/pages\/3890\/revisions\/3891"}],"up":[{"embeddable":true,"href":"https:\/\/www.sv-b.de\/index.php?rest_route=\/wp\/v2\/pages\/3521"}],"wp:featuredmedia":[{"embeddable":true,"href":"https:\/\/www.sv-b.de\/index.php?rest_route=\/wp\/v2\/media\/3708"}],"wp:attachment":[{"href":"https:\/\/www.sv-b.de\/index.php?rest_route=%2Fwp%2Fv2%2Fmedia&parent=3890"}],"curies":[{"name":"wp","href":"https:\/\/api.w.org\/{rel}","templated":true}]}}