{"id":3865,"date":"2024-10-07T12:07:38","date_gmt":"2024-10-07T11:07:38","guid":{"rendered":"https:\/\/www.sv-b.de\/?page_id=3865"},"modified":"2024-10-07T12:08:50","modified_gmt":"2024-10-07T11:08:50","slug":"staige-fussball-stream","status":"publish","type":"page","link":"https:\/\/www.sv-b.de\/?page_id=3865","title":{"rendered":"STAIGE FUSSBALL STREAM"},"content":{"rendered":"\n<p>Die Heimspiele unserer Fu\u00dfballsenioren (I. &amp; II. Mannschaft) und -junioren (A &amp; B-Jugend) werden \u00fcber das Staige Kamerasystem Live \u00fcber das Internet \u00fcbertragen.<\/p>\n\n\n\n<p>Die Streams zur SV Bedburg-Hau findet Ihr auf <a href=\"https:\/\/staige.tv\/club\/2607\">SV 1923\/27 Bedburg-Hau &#8211; Staige<\/a><\/p>\n\n\n\n<p>Die Streams zur JSG SGE\/SV Bedburg-Hau findet Ihr auf <a href=\"https:\/\/staige.tv\/verein\/24698\">JSG SGE\/SV Bedburg-Hau &#8211; Staige<\/a><\/p>\n\n\n\n<p>Eine \u00dcbersicht zu allen Spielen findet ihr hier:<\/p>\n\n\n\n<div class=\"s-embed\" style=\"width:100%;height:100%;position: relative;\">\n                <iframe \n                    class=\"s-iframe\" \n                    width=\"100%\" height=\"100%\" \n                    src = \"https:\/\/staige.tv\/embed\/grid\/club---2607-24698\" \n                    frameborder=\"0\" \n                    allowfullscreen=\"allowfullscreen\" \n                    \n                >\n                <\/iframe>&#8218;\n                \n                <script>\n                    \n                    \n            function swResize () {\n                var mapElements = document.getElementsByClassName(\"s-embed\");\n                for (let i = 0; i < mapElements.length; i++) {\n                const mapElement = mapElements[i];\n                mapElement.style.height = \"\" + ((mapElement.scrollWidth \/ 16 * 9)) + \"px\"\n                }\n            };\n            swResize();\n            addEventListener(\"resize\", function (e) {\n                swResize();\n            });\n                            \n                <\/script>\n            <\/div>\n","protected":false},"excerpt":{"rendered":"<p>Die Heimspiele unserer Fu\u00dfballsenioren (I. &amp; II. Mannschaft) und -junioren (A &amp; B-Jugend) werden \u00fcber [&hellip;]<\/p>\n","protected":false},"author":11,"featured_media":3869,"parent":0,"menu_order":0,"comment_status":"closed","ping_status":"closed","template":"","meta":{"footnotes":""},"class_list":["post-3865","page","type-page","status-publish","has-post-thumbnail","hentry"],"_links":{"self":[{"href":"https:\/\/www.sv-b.de\/index.php?rest_route=\/wp\/v2\/pages\/3865","targetHints":{"allow":["GET"]}}],"collection":[{"href":"https:\/\/www.sv-b.de\/index.php?rest_route=\/wp\/v2\/pages"}],"about":[{"href":"https:\/\/www.sv-b.de\/index.php?rest_route=\/wp\/v2\/types\/page"}],"author":[{"embeddable":true,"href":"https:\/\/www.sv-b.de\/index.php?rest_route=\/wp\/v2\/users\/11"}],"replies":[{"embeddable":true,"href":"https:\/\/www.sv-b.de\/index.php?rest_route=%2Fwp%2Fv2%2Fcomments&post=3865"}],"version-history":[{"count":7,"href":"https:\/\/www.sv-b.de\/index.php?rest_route=\/wp\/v2\/pages\/3865\/revisions"}],"predecessor-version":[{"id":3873,"href":"https:\/\/www.sv-b.de\/index.php?rest_route=\/wp\/v2\/pages\/3865\/revisions\/3873"}],"wp:featuredmedia":[{"embeddable":true,"href":"https:\/\/www.sv-b.de\/index.php?rest_route=\/wp\/v2\/media\/3869"}],"wp:attachment":[{"href":"https:\/\/www.sv-b.de\/index.php?rest_route=%2Fwp%2Fv2%2Fmedia&parent=3865"}],"curies":[{"name":"wp","href":"https:\/\/api.w.org\/{rel}","templated":true}]}}