{"id":3563,"date":"2024-09-17T15:52:18","date_gmt":"2024-09-17T14:52:18","guid":{"rendered":"https:\/\/www.sv-b.de\/?page_id=3563"},"modified":"2024-09-17T15:52:29","modified_gmt":"2024-09-17T14:52:29","slug":"herren-und-damenturnen","status":"publish","type":"page","link":"https:\/\/www.sv-b.de\/?page_id=3563","title":{"rendered":"Herren- und Damenturnen"},"content":{"rendered":"\n<p>Im Seniorenbereich der SV Bedburg-Hau sind wir seit Jahren jeweils montags als M\u00e4nnerturngruppe in der Dietmar-M\u00fcller-Sporthalle aktiv.<br><br>Die M\u00e4nnerturngruppe trifft sich jeden Montag von 20:15 Uhr bis 21:30 Uhr in der mittleren Einheit der Sporthalle. Ebenso ist die Damenturngruppe Montags in der Sporthalle. Von 19:30 Uhr an wird hier an der Fitness gearbeitet.<br><br>Mit Ren\u00e9 Barz haben wir einen sehr guten und engagierten Turntrainer<br>an Bord, der uns gut betreut und dabei noch unseren Ehrgeiz weckt.<br><br><strong>Ansprechpartner M\u00e4nnerturnen<\/strong><br>Walter Ooster<br>Dr.-Engels-Stra\u00dfe 25a, 47551 Bedburg-Hau<br>Tel.: 02821\/47929<br>E-Mail:\u00a0<a href=\"mailto:Held-Ooster@t-online.de\">Held-Ooster@t-online.de<\/a><\/p>\n\n\n<div class=\"wp-block-image\">\n<figure class=\"aligncenter size-full\"><img loading=\"lazy\" decoding=\"async\" width=\"653\" height=\"290\" src=\"https:\/\/www.sv-b.de\/wp-content\/uploads\/2024\/09\/Turnen_SVB.jpg\" alt=\"\" class=\"wp-image-3564\" srcset=\"https:\/\/www.sv-b.de\/wp-content\/uploads\/2024\/09\/Turnen_SVB.jpg 653w, https:\/\/www.sv-b.de\/wp-content\/uploads\/2024\/09\/Turnen_SVB-300x133.jpg 300w\" sizes=\"auto, (max-width: 653px) 100vw, 653px\" \/><\/figure>\n<\/div>","protected":false},"excerpt":{"rendered":"<p>Im Seniorenbereich der SV Bedburg-Hau sind wir seit Jahren jeweils montags als M\u00e4nnerturngruppe in der [&hellip;]<\/p>\n","protected":false},"author":11,"featured_media":0,"parent":0,"menu_order":0,"comment_status":"closed","ping_status":"closed","template":"","meta":{"footnotes":""},"class_list":["post-3563","page","type-page","status-publish","hentry"],"_links":{"self":[{"href":"https:\/\/www.sv-b.de\/index.php?rest_route=\/wp\/v2\/pages\/3563","targetHints":{"allow":["GET"]}}],"collection":[{"href":"https:\/\/www.sv-b.de\/index.php?rest_route=\/wp\/v2\/pages"}],"about":[{"href":"https:\/\/www.sv-b.de\/index.php?rest_route=\/wp\/v2\/types\/page"}],"author":[{"embeddable":true,"href":"https:\/\/www.sv-b.de\/index.php?rest_route=\/wp\/v2\/users\/11"}],"replies":[{"embeddable":true,"href":"https:\/\/www.sv-b.de\/index.php?rest_route=%2Fwp%2Fv2%2Fcomments&post=3563"}],"version-history":[{"count":2,"href":"https:\/\/www.sv-b.de\/index.php?rest_route=\/wp\/v2\/pages\/3563\/revisions"}],"predecessor-version":[{"id":3566,"href":"https:\/\/www.sv-b.de\/index.php?rest_route=\/wp\/v2\/pages\/3563\/revisions\/3566"}],"wp:attachment":[{"href":"https:\/\/www.sv-b.de\/index.php?rest_route=%2Fwp%2Fv2%2Fmedia&parent=3563"}],"curies":[{"name":"wp","href":"https:\/\/api.w.org\/{rel}","templated":true}]}}