{"id":1378,"date":"2018-05-22T19:50:38","date_gmt":"2018-05-22T18:50:38","guid":{"rendered":"http:\/\/www.sv-b.de\/?page_id=1378"},"modified":"2023-02-12T14:40:52","modified_gmt":"2023-02-12T13:40:52","slug":"impressum","status":"publish","type":"page","link":"https:\/\/www.sv-b.de\/?page_id=1378","title":{"rendered":"Impressum und Datenschutzerkl\u00e4rung"},"content":{"rendered":"<p>1. Name und Anschrift des Verantwortlichen<br \/>\nSascha Wilmsen<br \/>\nSchwanenkamp 10, 47551 Bedburg-Hau<br \/>\nTel.: 02821\/973270<br \/>\nE-Mail:\u00a0<a href=\"mailto:sascha.wilmsen@sv-b.de\">sascha.wilmsen@sv-b.de<\/a><br \/>\nWebseite https:\/\/<a href=\"https:\/\/www.sv-b.de\">www.sv-b.de<\/a><\/p>\n<p>2. Name und Anschrift des Datenschutzbeauftragten<br \/>\nartus GmbH &amp; Co. KG<br \/>\nOliver Luerweg<br \/>\nSchaafsweg 42<br \/>\n47559 Kranenburg<br \/>\nDeutschland<br \/>\nTel.: + 49 (0) 2821 . 760 66 00<br \/>\nE-Mail: <a href=\"mailto:luerweg@luerweg.de\">luerweg@luerweg.de<\/a><\/p>\n<p>3. Allgemeines zur Datenverarbeitung<br \/>\n3.1 Umfang und Verarbeitung personenbezogener Daten<br \/>\nWir verarbeiten personenbezogene Daten unserer Nutzer grunds\u00e4tzlich nur, soweit dies zur Bereitstellung einer funktionsf\u00e4higen Webseite sowie unserer Inhalte und Leistungen erforderlich ist. Die Verarbeitung personenbezogener Daten unserer Nutzer erfolgt regelm\u00e4\u00dfig nur nach Einwilligung des Nutzers. Eine Ausnahme gilt in solchen F\u00e4llen, in denen die vorherige Einholung einer Einwilligung aus tats\u00e4chlichen Gr\u00fcnden nicht m\u00f6glich ist und die Verarbeitung der Daten durch gesetzliche Vorschriften gestattet ist.<br \/>\n3.2 Rechtsgrundlage f\u00fcr die Verarbeitung personenbezogener Daten<br \/>\nSoweit wir f\u00fcr Verarbeitungsvorg\u00e4nge personenbezogener Daten eine Einwilligung der betroffenen Person einholen, dient Art. 6 Abs. 1 lit. a EU-Datenschutzgrundverordnung (DSGVO) als Rechtsgrundlage.<br \/>\nBei der Verarbeitung von personenbezogenen Daten, die zur Erf\u00fcllung eines Vertrages, dessen Vertragspartei die betroffene Person ist, erforderlich ist, dient Art. 6 Abs. 1 lit. b DSGVO als Rechtsgrundlage. Dies gilt auch f\u00fcr Verarbeitungsvorg\u00e4nge, die zur Durchf\u00fchrung vorvertraglicher Ma\u00dfnahmen erforderlich sind.<br \/>\nSoweit eine Verarbeitung personenbezogener Daten zur Erf\u00fcllung einer rechtlichen Verpflichtung erforderlich ist, der unser Unternehmen unterliegt, dient Art. 6 Abs. 1 lit. c DSGVO als Rechtsgrundlage.<br \/>\nIst die Verarbeitung zur Wahrung eines berechtigten Interesses unseres Unternehmens oder eines Dritten erforderlich und \u00fcberwiegen die Interessen, Grundrechte und Grundfreiheiten des Betroffenen das erstgenannte Interesse nicht, so dient Art. 6 Abs. 1 lit. f DSGVO als Rechtsgrundlage f\u00fcr die Verarbeitung.<br \/>\n3.3 Datenl\u00f6schung und Speicherdauer<br \/>\nDie personenbezogenen Daten der betroffenen Person werden gel\u00f6scht oder gesperrt, sobald der Zweck der Speicherung entf\u00e4llt. Eine Speicherung kann dar\u00fcber hinaus erfolgen, wenn dies durch den europ\u00e4ischen oder nationalen Gesetzgeber in unionsrechtlichen Verordnungen, Gesetzen oder sonstigen Vorschriften, denen der Verantwortliche unterliegt, vorgesehen wurde. Eine Sperrung oder L\u00f6schung der Daten erfolgt auch dann, wenn eine durch die genannten Normen vorgeschriebene Speicherfrist abl\u00e4uft, es sei denn, dass eine Erforderlichkeit zur weiteren Speicherung der Daten f\u00fcr einen Vertragsabschluss oder eine Vertragserf\u00fcllung besteht.<br \/>\n4. Bereitstellung der Webseite und Erstellung von Logfiles<br \/>\n4.1 Beschreibung und Umfang der Datenverarbeitung<br \/>\nBei jedem Aufruf unserer Internetseite erfasst unser System automatisiert Daten und Informationen vom Computersystem des aufrufenden Rechners.<br \/>\nFolgende Daten werden hierbei erhoben:<br \/>\n\u00b7 IP Adresse des Nutzers<br \/>\n\u00b7 Datum und Zeit des Zugriffs<br \/>\n\u00b7 Websites von denen das System des Nutzers auf unsere Internetseite gelangt und Websites, die vom System des Nutzers \u00fcber unsere Website angerufen werden<br \/>\n\u00b7 Errorcodes<br \/>\n\u00b7 Browserdaten (Browsertyp und verwendete Version)<br \/>\n\u00b7 das Betriebssystem des Nutzers<br \/>\n\u00b7 den Internet-Service-Provider des Nutzers<br \/>\nDie Logfiles enthalten IP-Adressen oder sonstige Daten, die eine Zuordnung zu einem Nutzer erm\u00f6glichen. Dies k\u00f6nnte beispielsweise der Fall sein, wenn der Link zur Website, von der der Nutzer auf die Internetseite gelangt, oder der Link zur Website, zu der der Nutzer wechselt, personenbezogene Daten enth\u00e4lt.<br \/>\nDie Daten werden ebenfalls in den Logfiles unseres Systems gespeichert. Eine Speicherung dieser Daten zusammen mit anderen personenbezogenen Daten des Nutzers findet nicht statt.<br \/>\n4.2 Rechtsgrundlage f\u00fcr die Datenverarbeitung<br \/>\nRechtsgrundlage f\u00fcr die vor\u00fcbergehende Speicherung der Daten und der Logfiles ist Art. 6 Abs. 1 lit. f DSGVO.<br \/>\n4.3 Zweck der Datenverarbeitung<br \/>\nDie Speicherung in Logfiles erfolgt, um die Funktionsf\u00e4higkeit der Website sicherzustellen. Zudem dienen uns die Daten zur Optimierung der Website und zur Sicherstellung der Sicherheit unserer informationstechnischen Systeme. Eine Auswertung der Daten zu Marketingzwecken findet in diesem Zusammenhang nicht statt.<br \/>\nIn diesen Zwecken liegt auch unser berechtigtes Interesse an der Datenverarbeitung nach Art. 6 Abs. 1 lit. f DSGVO.<br \/>\n4.4 Dauer der Speicherung<br \/>\nDie Daten werden gel\u00f6scht, sobald sie f\u00fcr die Erreichung des Zweckes ihrer Erhebung nicht mehr erforderlich sind.<br \/>\nIm Falle der Speicherung der Daten in Logfiles ist dies nach sp\u00e4testens sieben Tagen der Fall. Eine dar\u00fcberhinausgehende Speicherung ist m\u00f6glich. In diesem Fall werden die IP-Adressen der Nutzer gel\u00f6scht oder verfremdet, sodass eine Zuordnung des aufrufenden Clients nicht mehr m\u00f6glich ist.<br \/>\n4.5 Widerspruchs- und Beseitigungsm\u00f6glichkeit<br \/>\nDie Erfassung der Daten zur Bereitstellung der Website und die Speicherung der Daten in Logfiles ist f\u00fcr den Betrieb der Internetseite zwingend erforderlich. Es besteht folglich seitens des Nutzers keine Widerspruchsm\u00f6glichkeit.<br \/>\n5. Verwendung von Cookies<br \/>\n5.1 Beschreibung und Umfang der Datenverarbeitung<br \/>\nUnsere Webseite verwendet Cookies. Bei Cookies handelt es sich um Textdateien, die im Internetbrowser bzw. vom Internetbrowser auf dem Computersystem des Nutzers gespeichert werden. Ruft ein Nutzer eine Website auf, so kann ein Cookie auf dem Betriebssystem des Nutzers gespeichert werden. Dieser Cookie enth\u00e4lt eine charakteristische Zeichenfolge, die eine eindeutige Identifizierung des Browsers beim erneuten Aufrufen der Website erm\u00f6glicht.<br \/>\nWir setzen Cookies ein, um unsere Website nutzerfreundlicher zu gestalten. Einige Elemente unserer Internetseite erfordern es, dass der aufrufende Browser auch nach einem Seitenwechsel identifiziert werden kann.<br \/>\nIn den Cookies werden dabei folgende Daten gespeichert und \u00fcbermittelt:<br \/>\n\u00b7 Spracheinstellungen<br \/>\n\u00b7 Session ID<br \/>\n\u00b7 Log-In-Informationen<br \/>\nDie auf diese Weise erhobenen Daten der Nutzer werden durch technische Vorkehrungen pseudonymisiert. Daher ist eine Zuordnung der Daten zum aufrufenden Nutzer nicht mehr m\u00f6glich. Die Daten werden nicht gemeinsam mit sonstigen personenbezogenen Daten der Nutzer gespeichert.<br \/>\nBeim Aufruf unserer Website werden die Nutzer durch einen Infobanner \u00fcber die Verwendung von Cookies zu Analysezwecken informiert und auf diese Datenschutzerkl\u00e4rung verwiesen. Es erfolgt in diesem Zusammenhang auch ein Hinweis darauf, wie die Speicherung von Cookies in den Browsereinstellungen unterbunden werden kann.<br \/>\n5.2 Rechtsgrundlage f\u00fcr die Datenverarbeitung<br \/>\nDie Rechtsgrundlage f\u00fcr die Verarbeitung personenbezogener Daten unter Verwendung von Cookies ist Art. 6 Abs. 1 lit. f DSGVO.<br \/>\n5.3 Zweck der Datenverarbeitung<br \/>\nDer Zweck der Verwendung technisch notwendiger Cookies ist, die Nutzung von Websites f\u00fcr die Nutzer zu vereinfachen. Einige Funktionen unserer Internetseite k\u00f6nnen ohne den Einsatz von Cookies nicht angeboten werden. F\u00fcr diese ist es erforderlich, dass der Browser auch nach einem Seitenwechsel wiedererkannt wird.<br \/>\nIn diesen Zwecken liegt auch unser berechtigtes Interesse in der Verarbeitung der personenbezogenen Daten nach Art. 6 Abs. 1 lit. f DSGVO.<br \/>\nF\u00fcr folgende Anwendungen ben\u00f6tigen wir Cookies:<br \/>\n\u00b7 \u00dcbernahme von Spracheinstellungen<br \/>\n\u00b7 Merken von Suchbegriffen<br \/>\n\u00b7 Login-In \/ Session ID<br \/>\n5.4 Dauer der Speicherung, Widerspruchs- und Beseitigungsm\u00f6glichkeit<br \/>\nCookies werden auf dem Rechner des Nutzers gespeichert und von diesem an unserer Seite \u00fcbermittelt. Daher haben Sie als Nutzer auch die volle Kontrolle \u00fcber die Verwendung von Cookies. Durch eine \u00c4nderung der Einstellungen in Ihrem Internetbrowser k\u00f6nnen Sie die \u00dcbertragung von Cookies deaktivieren oder einschr\u00e4nken. Bereits gespeicherte Cookies k\u00f6nnen jederzeit gel\u00f6scht werden. Dies kann auch automatisiert erfolgen. Werden Cookies f\u00fcr unsere Website deaktiviert, k\u00f6nnen m\u00f6glicherweise nicht mehr alle Funktionen der Website vollumf\u00e4nglich genutzt werden.<br \/>\n6. E-Mail Kontakt<br \/>\n6.1 Beschreibung und Umfang der Datenverarbeitung<br \/>\n\u00dcber die bereitgestellte E-Mail-Adresse k\u00f6nnen Sie mit uns in Kontakt treten. In diesem Fall werden die mit der E-Mail \u00fcbermittelten personenbezogenen Daten von Ihnen gespeichert.<br \/>\nEs erfolgt in diesem Zusammenhang keine Weitergabe der Daten an Dritte. Die Daten werden ausschlie\u00dflich f\u00fcr die Verarbeitung der Konversation verwendet.<br \/>\n6.2 Rechtsgrundlage f\u00fcr die Datenverarbeitung<br \/>\nRechtsgrundlage f\u00fcr die Verarbeitung der Daten, die im Zuge einer \u00dcbersendung einer E-Mail \u00fcbermittelt werden, ist Art. 6 Abs. 1 lit. f DSGVO. Zielt der E-Mail-Kontakt auf den Abschluss eines Vertrages ab (z. B. im Rahmen von Kooperationen), so ist zus\u00e4tzliche Rechtsgrundlage f\u00fcr die Verarbeitung Art. 6 Abs. 1 lit. b DSGVO.<br \/>\n6.3 Zweck der Datenverarbeitung<br \/>\nDie Verarbeitung der personenbezogenen Daten aus Ihrer E-Mail dient uns allein zur Bearbeitung der Kontaktaufnahme. Im Falle einer Kontaktaufnahme per E-Mail liegt hieran auch das erforderliche berechtigte Interesse an der Verarbeitung der Daten.<br \/>\nDie sonstigen w\u00e4hrend des Absendevorgangs verarbeiteten personenbezogenen Daten dienen dazu, einen Missbrauch des E-Mail-Funktion zu verhindern und die Sicherheit unserer informationstechnischen Systeme sicherzustellen.<br \/>\n6.4 Dauer der Speicherung, Widerspruchs- und Beseitigungsm\u00f6glichkeit<br \/>\nDie Daten werden gel\u00f6scht, sobald sie f\u00fcr die Erreichung des Zweckes ihrer Erhebung nicht mehr erforderlich sind. F\u00fcr die personenbezogenen Daten die per E-Mail \u00fcbersandt wurden, ist dies dann der Fall, wenn die jeweilige Konversation mit dem Nutzer beendet ist und wenn dar\u00fcber hinaus keine Vertragsgrundlage besteht oder wir Aufbewahrungspflichten unterliegen. Beendet ist die Konversation dann, wenn sich aus den Umst\u00e4nden entnehmen l\u00e4sst, dass der betroffene Sachverhalt abschlie\u00dfend gekl\u00e4rt ist.<br \/>\nDie w\u00e4hrend des Absendevorgangs zus\u00e4tzlich erhobenen personenbezogenen Daten z. B. aus Protokolldateien werden sp\u00e4testens nach einer Frist von sieben Tagen gel\u00f6scht.<br \/>\nDer Nutzer hat jederzeit die M\u00f6glichkeit, seine Einwilligung zur Verarbeitung der personenbezogenen Daten zu widerrufen. Nimmt der Nutzer per E-Mail Kontakt mit uns auf, so kann er der Speicherung seiner personenbezogenen Daten jederzeit widersprechen. In einem solchen Fall kann die Konversation nicht fortgef\u00fchrt werden.<br \/>\nDer Widerruf der Speicherung kann \u00fcber die oben genannten Kontaktm\u00f6glichkeiten vorgenommen werden. Alle personenbezogenen Daten, die im Zuge der Kontaktaufnahme gespeichert wurden, werden in diesem Fall gel\u00f6scht.<br \/>\n7. Webanalyse durch Matomo (ehemals Piwik)<br \/>\n7.1 Umfang der Verarbeitung personenbezogener Daten<br \/>\nWir nutzen auf unserer Website das Open-Source-Software-Tool Matomo (ehemals PIWIK) zur Analyse des Surfverhaltens unserer Nutzer. Die Software setzt ein Cookie auf dem Rechner der Nutzer (zu Cookies siehe bereits oben).<br \/>\nWerden Einzelseiten unserer Website aufgerufen, so werden folgende Daten gespeichert:<br \/>\n\u00b7 Drei Bytes der IP-Adresse des aufrufenden Systems des Nutzers<br \/>\n\u00b7 Die aufgerufene Webseite<br \/>\n\u00b7 Die Website, von der der Nutzer auf die aufgerufene Webseite gelangt ist (Referrer)<br \/>\n\u00b7 Die Unterseiten, die von der aufgerufenen Webseite aus aufgerufen werden<br \/>\n\u00b7 Die Verweildauer auf der Webseite<br \/>\n\u00b7 Die H\u00e4ufigkeit des Aufrufs der Webseite<br \/>\nDie Software l\u00e4uft dabei ausschlie\u00dflich auf den Servern unserer Webseite. Eine Speicherung der personenbezogenen Daten der Nutzer findet nur dort statt. Eine Weitergabe der Daten an Dritte erfolgt nicht.<br \/>\nDie Software ist so eingestellt, dass die IP-Adressen nicht vollst\u00e4ndig gespeichert werden, sondern 2 Bytes der IP-Adresse maskiert werden (Bsp.: 192.168.100.xxx). Auf diese Weise ist eine Zuordnung der gek\u00fcrzten IP-Adresse zum aufrufenden Rechner nicht mehr m\u00f6glich.<br \/>\n7.2 Rechtsgrundlage f\u00fcr die Verarbeitung personenbezogener Daten<br \/>\nRechtsgrundlage f\u00fcr die Verarbeitung der personenbezogenen Daten der Nutzer ist Art. 6 Abs. 1 lit. f DSGVO.<br \/>\n7.3 Zweck der Datenverarbeitung<br \/>\nDie Verarbeitung der personenbezogenen Daten der Nutzer erm\u00f6glicht uns eine Analyse des Surfverhaltens unserer Nutzer. Wir sind in durch die Auswertung der gewonnen Daten in der Lage, Informationen \u00fcber die Nutzung der einzelnen Komponenten unserer Webseite zusammenzustellen. Dies hilft uns dabei unsere Webseite und deren Nutzerfreundlichkeit stetig zu verbessern. In diesen Zwecken liegt auch unser berechtigtes Interesse in der Verarbeitung der Daten nach Art. 6 Abs. 1 lit. f DSGVO. Durch die Anonymisierung der IP-Adresse wird dem Interesse der Nutzer an deren Schutz personenbezogener Daten hinreichend Rechnung getragen.<br \/>\n7.4 Dauer der Speicherung<br \/>\nAlle Daten werden anonymisiert gespeichert. Zur Nachvollziehbarkeit der Historie von Webseitenaufrufen erfolgt daher aktuell keine L\u00f6schung der anonymisierten Aufzeichnungen.<br \/>\n7.5 Widerspruchs- und Beseitigungsm\u00f6glichkeit<br \/>\nCookies werden auf dem Rechner des Nutzers gespeichert und von diesem an unserer Seite \u00fcbermittelt. Daher haben Sie als Nutzer auch die volle Kontrolle \u00fcber die Verwendung von Cookies. Durch eine \u00c4nderung der Einstellungen in Ihrem Internetbrowser k\u00f6nnen Sie die \u00dcbertragung von Cookies deaktivieren oder einschr\u00e4nken. Bereits gespeicherte Cookies k\u00f6nnen jederzeit gel\u00f6scht werden. Dies kann auch automatisiert erfolgen. Werden Cookies f\u00fcr unsere Website deaktiviert, k\u00f6nnen m\u00f6glicherweise nicht mehr alle Funktionen der Website vollumf\u00e4nglich genutzt werden.<br \/>\nWir bieten unseren Nutzern auf unserer Website die M\u00f6glichkeit eines Opt-Out aus dem Analyseverfahren. Hierzu m\u00fcssen Sie dem entsprechenden Link folgen. Auf diese Weise wird ein weiterer Cookie auf ihrem System gesetzt, der unserem System signalisiert die Daten des Nutzers nicht zu speichern. L\u00f6scht der Nutzer den entsprechenden Cookie zwischenzeitlich vom eigenen System, so muss er den Opt-Out-Cookie erneut setzen.<br \/>\n8. Kontaktformular und E-Mail-Kontakt<br \/>\n8.1 Beschreibung und Umfang der Datenverarbeitung<br \/>\nAuf unserer Internetseite ist ein Kontaktformular vorhanden, welches f\u00fcr die elektronische Kontaktaufnahme genutzt werden kann und \u00fcber dies Sie produktbezogene Angebote anfordern k\u00f6nnen. Nimmt ein Nutzer diese M\u00f6glichkeit wahr, so werden die in der Eingabemaske eingegeben Daten an uns \u00fcbermittelt und gespeichert. Diese Daten sind:<br \/>\n\u00b7 Name (Pflichtfeld)<br \/>\n\u00b7 E-Mail-Adresse (Pflichtfeld)<br \/>\n\u00b7 Telefonnummer (optional)<br \/>\n\u00b7 Firma (Pflichtfeld)<br \/>\n\u00b7 Webseite (optional)<br \/>\n\u00b7 Produktspezifische und gew\u00fcnschte Leistungen<br \/>\nIm Zeitpunkt der Absendung der Nachricht werden zudem folgende Daten gespeichert:<br \/>\n\u00b7 die IP-Adresse des Nutzers<br \/>\n\u00b7 Datum und Uhrzeit des Absendevorgangs<br \/>\nF\u00fcr die Verarbeitung der Daten wird im Rahmen des Absendevorgangs Ihre Einwilligung eingeholt und auf diese Datenschutzerkl\u00e4rung verwiesen.<br \/>\nAlternativ ist eine Kontaktaufnahme \u00fcber die bereitgestellte E-Mail-Adresse m\u00f6glich. In diesem Fall werden die mit der E-Mail \u00fcbermittelten personenbezogenen Daten des Nutzers gespeichert.<br \/>\nEs erfolgt in diesem Zusammenhang keine Weitergabe der Daten an Dritte. Die Daten werden ausschlie\u00dflich f\u00fcr die Verarbeitung der Konversation verwendet.<br \/>\n9.2 Rechtsgrundlage f\u00fcr die Datenverarbeitung<br \/>\nRechtsgrundlage f\u00fcr die Verarbeitung der Daten ist bei Vorliegen einer Einwilligung des Nutzers Art. 6 Abs. 1 lit. a DSGVO.<br \/>\nRechtsgrundlage f\u00fcr die Verarbeitung der Daten, die im Zuge einer \u00dcbersendung einer E-Mail \u00fcbermittelt werden, ist Art. 6 Abs. 1 lit. f DSGVO. Zielt der E-Mail-Kontakt auf den Abschluss eines Vertrages ab, so ist zus\u00e4tzliche Rechtsgrundlage f\u00fcr die Verarbeitung Art. 6 Abs. 1 lit. b DSGVO.<br \/>\n9.3 Zweck der Datenverarbeitung<br \/>\nDie Verarbeitung der personenbezogenen Daten aus der Eingabemaske dient uns allein zur Bearbeitung der Kontaktaufnahme. Im Falle einer Kontaktaufnahme per E-Mail liegt hieran auch das erforderliche berechtigte Interesse an der Verarbeitung der Daten.<br \/>\nDie sonstigen w\u00e4hrend des Absendevorgangs verarbeiteten personenbezogenen Daten dienen dazu, einen Missbrauch des Kontaktformulars zu verhindern und die Sicherheit unserer informationstechnischen Systeme sicherzustellen.<br \/>\n9.4 Dauer der Speicherung<br \/>\nDie Daten werden gel\u00f6scht, sobald sie f\u00fcr die Erreichung des Zweckes ihrer Erhebung nicht mehr erforderlich sind. F\u00fcr die personenbezogenen Daten aus der Eingabemaske des Kontaktformulars und diejenigen, die per E-Mail \u00fcbersandt wurden, ist dies dann der Fall, wenn die jeweilige Konversation mit dem Nutzer beendet ist und wenn dar\u00fcber hinaus keine Vertragsgrundlage besteht oder wir Aufbewahrungspflichten unterliegen. Beendet ist die Konversation dann, wenn sich aus den Umst\u00e4nden entnehmen l\u00e4sst, dass der betroffene Sachverhalt abschlie\u00dfend gekl\u00e4rt ist.<br \/>\nDie w\u00e4hrend des Absendevorgangs zus\u00e4tzlich erhobenen personenbezogenen Daten z. B. in Protokolldateien werden sp\u00e4testens nach einer Frist von sieben Tagen gel\u00f6scht.<br \/>\n9.5 Widerspruchs- und Beseitigungsm\u00f6glichkeit<br \/>\nDer Nutzer hat jederzeit die M\u00f6glichkeit, seine Einwilligung zur Verarbeitung der personenbezogenen Daten zu widerrufen. Nimmt der Nutzer per E-Mail Kontakt mit uns auf, so kann er der Speicherung seiner personenbezogenen Daten jederzeit widersprechen. In einem solchen Fall kann die Konversation nicht fortgef\u00fchrt werden.<br \/>\nDen Widerruf Ihrer Einwilligung und Ihrer Datenspeicherung richten Sie bitte per E-Mail an hemasa@gmx.de .<br \/>\nAlle personenbezogenen Daten, die im Zuge der Kontaktaufnahme gespeichert wurden, werden in diesem Fall gel\u00f6scht.<br \/>\n10. Open Street Maps<br \/>\nUnsere Webseite nutzt die Karten der OpenStreetMap Foundation, 132 Maney Hill Road, Sutton Coldfield, West Midlands, B72 1JU, United Kingdom um Ihnen den Standort unseres Unternehmens anzuzeigen und Ihnen die Anfahrt zu erleichtern. Damit die Karte angezeigt werden kann, werden Informationen \u00fcber die Nutzung an die OpenStreetMap Foundation weitergeleitet. Zudem wird der Session Cookie \u201eqos_token\u201c auf Ihrem Rechner gespeichert. Das Cookie l\u00f6scht sich automatisch beim Verlassen der jeweiligen Seite.<br \/>\nWie OpenStretMap Ihre Daten verarbeitet lesen Sie hier:<br \/>\nhttps:\/\/wiki.osmfoundation.org\/wiki\/Privacy_Policy<br \/>\n11. Rechte der betroffenen Person<br \/>\nSie haben das Recht auf Auskunft \u00fcber die von Ihnen verarbeiteten personenbezogenen Daten gem\u00e4\u00df Art. 15 DS-GVO, das Recht auf Berichtigung nach Art. 16 der DS-GVO, das Recht auf L\u00f6schung gem\u00e4\u00df Art. 17 DS-GVO, das Recht auf Einschr\u00e4nkung der Verarbeitung gem\u00e4\u00df Art. 18 der DS-GVO, das Recht auf Daten\u00fcbertragbarkeit nach Art. 20 der DS-GVO sowie das Recht auf Widerspruch gegen die Verarbeitung auf Grundlage des Art. 21 der DS-GVO.<br \/>\nWenn Sie uns gem\u00e4\u00df Art. 6 Abs. 1 a) der DS-GVO eine Einwilligung zur Verarbeitung Ihrer personenbezogenen Daten f\u00fcr einen oder mehrere Zwecke erteilt haben, k\u00f6nnen Sie diese jederzeit widerrufen. Die Rechtm\u00e4\u00dfigkeit der Verarbeitung bis zum Zeitpunkt des Widerrufs bleibt davon unber\u00fchrt. Im Falle eines Widerrufes werden wir Ihre personenbezogenen Daten nicht l\u00e4nger verarbeiten, es sei denn, wir k\u00f6nnen zwingende schutzw\u00fcrdige Interessen f\u00fcr die Verarbeitung nachweisen, die Ihre Interessen, Rechte und Freiheiten \u00fcberwiegen oder die Verarbeitung dient der Geltendmachung, Aus\u00fcbung oder Verteidigung von Rechtsanspr\u00fcchen.<br \/>\nWenn Sie der Ansicht sind, dass die Verarbeitung der von Ihnen personenbezogenen Daten gegen die DS-GVO verst\u00f6\u00dft, haben Sie das Recht auf Beschwerde bei einer Aufsichtsbeh\u00f6rde nach Art. 77 der DS-GVO.<br \/>\nBitte wenden Sie sich bez\u00fcglich Ihrer Datenschutzrechte unmittelbar an Oliver Luerweg unter den oben genannten Kontaktm\u00f6glichkeiten.<br \/>\nWiderspruch Werbe-Mails<br \/>\nHiermit widersprechen wir der Zusendung von nicht ausdr\u00fccklich angeforderter Werbung und Informationsmaterial unter Nutzung unserer ver\u00f6ffentlichten Kontaktdaten im Impressum. Wir behalten uns ausdr\u00fccklich rechtliche Schritte vor, im Falle, dass Sie uns unverlangte Werbung, etwa durch Spam-E-Mails, zusenden.<br \/>\nQuellenangaben zu dieser Datenschutzerkl\u00e4rung<br \/>\nDiese Datenschutzerkl\u00e4rung wurde erstellt unter Zuhilfenahme der Informationen von:<br \/>\nder Uni M\u00fcnster &#8211; Musterdatenschutzerkl\u00e4rung<br \/>\nRechtswissenschaftliche Fakult\u00e4t \/ IVV FB03 der Uni M\u00fcnster Johannes Baur<\/p>\n","protected":false},"excerpt":{"rendered":"<p>1. Name und Anschrift des Verantwortlichen Sascha Wilmsen Schwanenkamp 10, 47551 Bedburg-Hau Tel.: 02821\/973270 E-Mail:\u00a0sascha.wilmsen@sv-b.de [&hellip;]<\/p>\n","protected":false},"author":1,"featured_media":0,"parent":0,"menu_order":0,"comment_status":"closed","ping_status":"closed","template":"","meta":{"footnotes":""},"class_list":["post-1378","page","type-page","status-publish","hentry"],"_links":{"self":[{"href":"https:\/\/www.sv-b.de\/index.php?rest_route=\/wp\/v2\/pages\/1378","targetHints":{"allow":["GET"]}}],"collection":[{"href":"https:\/\/www.sv-b.de\/index.php?rest_route=\/wp\/v2\/pages"}],"about":[{"href":"https:\/\/www.sv-b.de\/index.php?rest_route=\/wp\/v2\/types\/page"}],"author":[{"embeddable":true,"href":"https:\/\/www.sv-b.de\/index.php?rest_route=\/wp\/v2\/users\/1"}],"replies":[{"embeddable":true,"href":"https:\/\/www.sv-b.de\/index.php?rest_route=%2Fwp%2Fv2%2Fcomments&post=1378"}],"version-history":[{"count":6,"href":"https:\/\/www.sv-b.de\/index.php?rest_route=\/wp\/v2\/pages\/1378\/revisions"}],"predecessor-version":[{"id":2470,"href":"https:\/\/www.sv-b.de\/index.php?rest_route=\/wp\/v2\/pages\/1378\/revisions\/2470"}],"wp:attachment":[{"href":"https:\/\/www.sv-b.de\/index.php?rest_route=%2Fwp%2Fv2%2Fmedia&parent=1378"}],"curies":[{"name":"wp","href":"https:\/\/api.w.org\/{rel}","templated":true}]}}